{"id":1202,"date":"2008-10-12T21:07:03","date_gmt":"2008-10-12T20:07:03","guid":{"rendered":"http:\/\/www.ticmais.pt\/?page_id=1202"},"modified":"2008-10-12T21:07:03","modified_gmt":"2008-10-12T20:07:03","slug":"extra_blogslocais","status":"publish","type":"page","link":"https:\/\/www.ticmais.pt\/?page_id=1202","title":{"rendered":"Blogs Locais"},"content":{"rendered":"<p style=\"text-align: justify;\">Adega da Vila<br \/>\n\u00c1caros do Maquidame<br \/>\nA Campina e a Charneca<br \/>\n\u00c1guias do Soraia<br \/>\nAldeia Vermelha<br \/>\nAmigo Rafa<br \/>\nAnt\u00f3nio Ribeiro Telles<br \/>\nAs Aveturas da Clarinha<br \/>\nAs Coisas<br \/>\nAssocia\u00e7\u00e3o Cou\u00e7o Jovem<br \/>\nA Visitar o Mundo<br \/>\nBenvindo ao Biscainho<br \/>\nBiscainho on-line<br \/>\nCada Lugar Meu<br \/>\nCAD Coruche<br \/>\nCentro Social de Cultura e Desporto Montinhos dos Pegos<br \/>\nChalet Sorraia<br \/>\nContraBanda<br \/>\nConspira\u00e7\u00f5es da Vila de Coruche<br \/>\nCoruche&#8230;passado, presente e futuro<br \/>\nCorujas e Corujinhas de Coruche<br \/>\nCr\u00f3nicas do Parreira<br \/>\nCorart<br \/>\nCruxices<br \/>\nDa minha varanda<br \/>\nDelineamentos<br \/>\nDrella no Cou\u00e7o<br \/>\nEl Coruchero<br \/>\nEntre linhas entre gente<br \/>\n&#8220;&#8230;Est\u00f3rias&#8230;do Fogareiro&#8221;<br \/>\nErrokafkiano<br \/>\nFilho do Cou\u00e7o<br \/>\nFor\u00e7a Rebocho<br \/>\nGeracao 84 Cch<br \/>\nGrupo de Forcados de Coruche<br \/>\nJanela Secreta<br \/>\nJo\u00e3o Ribeiro Telles<br \/>\nMagical Mystery Tour<br \/>\nManuel Ribeiro Telles Bastos<br \/>\nMic<br \/>\nMomentosdois<br \/>\nN\u00facleo de Investiga\u00e7\u00e3o Criminal de Coruche<br \/>\nO Blog da Matilha!<br \/>\nO meu desabafo<br \/>\nOutros Rios<br \/>\nPaulo Fatela: Blog sobre Artesanato<br \/>\nPaulo Fatela<br \/>\nPensar Coruche<br \/>\nPica Milho<br \/>\nPortuga-Coruche<br \/>\nSempre Imperfeitos<br \/>\nSinging by the River<br \/>\nSorte Danada<br \/>\nSorraia<br \/>\nStrix<br \/>\nThe Fusion Bike Team<br \/>\nTwoBike Team<br \/>\nUltras Erra<br \/>\nUm jardim no Ribatejo<br \/>\n&#8230;vamos falar sobre o assunto.<br \/>\nVila do Cou\u00e7o<\/p>\n<p><br class=\"spacer_\" \/><\/p>\n<p style=\"text-align: justify;\">&nbsp;<\/p>\n","protected":false},"excerpt":{"rendered":"<p>Adega da Vila \u00c1caros do Maquidame A Campina e a Charneca \u00c1guias do Soraia Aldeia Vermelha Amigo Rafa Ant\u00f3nio Ribeiro Telles As Aveturas da Clarinha As Coisas Associa\u00e7\u00e3o Cou\u00e7o Jovem A Visitar o Mundo Benvindo ao Biscainho Biscainho on-line Cada Lugar Meu CAD Coruche Centro Social de Cultura e Desporto Montinhos dos Pegos Chalet Sorraia [&hellip;]<\/p>\n","protected":false},"author":1,"featured_media":0,"parent":0,"menu_order":2,"comment_status":"closed","ping_status":"open","template":"","meta":{"footnotes":""},"class_list":["post-1202","page","type-page","status-publish","hentry"],"_links":{"self":[{"href":"https:\/\/www.ticmais.pt\/index.php?rest_route=\/wp\/v2\/pages\/1202","targetHints":{"allow":["GET"]}}],"collection":[{"href":"https:\/\/www.ticmais.pt\/index.php?rest_route=\/wp\/v2\/pages"}],"about":[{"href":"https:\/\/www.ticmais.pt\/index.php?rest_route=\/wp\/v2\/types\/page"}],"author":[{"embeddable":true,"href":"https:\/\/www.ticmais.pt\/index.php?rest_route=\/wp\/v2\/users\/1"}],"replies":[{"embeddable":true,"href":"https:\/\/www.ticmais.pt\/index.php?rest_route=%2Fwp%2Fv2%2Fcomments&post=1202"}],"version-history":[{"count":0,"href":"https:\/\/www.ticmais.pt\/index.php?rest_route=\/wp\/v2\/pages\/1202\/revisions"}],"wp:attachment":[{"href":"https:\/\/www.ticmais.pt\/index.php?rest_route=%2Fwp%2Fv2%2Fmedia&parent=1202"}],"curies":[{"name":"wp","href":"https:\/\/api.w.org\/{rel}","templated":true}]}}