{"id":1215,"date":"2008-10-14T05:33:43","date_gmt":"2008-10-14T04:33:43","guid":{"rendered":"http:\/\/www.ticmais.pt\/?page_id=1215"},"modified":"2008-10-14T05:33:43","modified_gmt":"2008-10-14T04:33:43","slug":"incubadoras-de-ideias","status":"publish","type":"page","link":"https:\/\/www.ticmais.pt\/?page_id=1215","title":{"rendered":"Incubadoras de Ideias"},"content":{"rendered":"<table width=\"100%\" border=\"0\" cellspacing=\"5\" cellpadding=\"5\" align=\"justify\">\n<tbody>\n<tr>\n<td valign=\"top\">\n<p align=\"justify\"><span style=\"color: #800000;\"><strong>PARQUES DE CI\u00caNCIA &amp; TECNOLOGIA e ASSOCIA\u00c7\u00d5ES<\/strong><\/span><\/p>\n<p align=\"justify\">BioCant<br \/>\n<a href=\"http:\/\/www.biocant.pt\/\" target=\"_blank\">http:\/\/www.biocant.pt\/<\/a><\/p>\n<p align=\"justify\">IASP &#8211; International Association of Science Parks<br \/>\n<a href=\"http:\/\/www.iasp.ws\/\" target=\"_blank\">http:\/\/www.iasp.ws\/<\/a><\/p>\n<p align=\"justify\">iPARQUE &#8211; Coimbra<br \/>\n<a href=\"http:\/\/www.coimbraiparque.pt\/\" target=\"_blank\">http:\/\/www.coimbraiparque.pt\/<\/a><\/p>\n<p align=\"justify\">IEFP\u00a0&#8211; Ninho de Empresas<br \/>\n<a href=\"http:\/\/www.iefp.pt\/apoios\/candidatos\/CriacaoEmpregoEmpresa\/Paginas\/NinhoEmpresas.aspx\">http:\/\/www.iefp.pt\/apoios\/candidatos\/CriacaoEmpregoEmpresa\/Paginas\/NinhoEmpresas.aspx<\/a><\/p>\n<p>IPN &#8211; Instituto Pedro Nunes<br \/>\n<a href=\"http:\/\/www.ipn.pt\/\" target=\"_blank\">http:\/\/www.ipn.pt\/<\/a><\/p>\n<p align=\"justify\">Taguspark &#8211; Parque de C&amp;T<br \/>\n<a href=\"http:\/\/www.taguspark.pt\/\" target=\"_blank\">http:\/\/www.taguspark.pt\/<\/a><\/p>\n<p align=\"justify\">TagusValley &#8211; Parque de C&amp;T do Vale do Tejo<br \/>\n<a href=\"http:\/\/www.tagusvalley.pt\/\" target=\"_blank\">http:\/\/www.tagusvalley.pt\/<\/a><\/p>\n<p align=\"justify\">TecMaia &#8211; Parque de Ci\u00eancia e Tecnologia da Maia<br \/>\n<a href=\"http:\/\/www.tecmaia.pt\/\" target=\"_blank\">http:\/\/www.tecmaia.pt\/<\/a><\/p>\n<p align=\"justify\">Tecparques &#8211; Associa\u00e7\u00e3o Portuguesa de Parques de C&amp;T<br \/>\n<a href=\"http:\/\/www.tecparques.pt\/\" target=\"_blank\">http:\/\/www.tecparques.pt\/<\/a><\/p>\n<p align=\"justify\">UKSPA &#8211; United Kingdom Science Park Association<br \/>\n<a href=\"http:\/\/www.ukspa.org.uk\/\" target=\"_blank\">http:\/\/www.ukspa.org.uk\/<\/a><\/p>\n<p align=\"justify\">\n<p align=\"justify\"><span style=\"color: #800000;\"><strong>ENTIDADES DO SISTEMA CIENT\u00cdFICO E APOIO AO EMPREENDEDORISMO<br \/>\n<\/strong><\/span><br \/>\nAg\u00eancia de Inova\u00e7\u00e3o<br \/>\n<a href=\"http:\/\/www.adi.pt\/\" target=\"_blank\">http:\/\/www.adi.pt\/<\/a><\/p>\n<p align=\"justify\">Funda\u00e7\u00e3o para a Ci\u00eancia e Tecnologia<br \/>\n<a href=\"http:\/\/www.fct.mctes.pt\/\" target=\"_blank\">http:\/\/www.fct.mctes.pt\/<\/a><\/p>\n<p align=\"justify\">Iniciativa Neotec<br \/>\n<a href=\"http:\/\/www.neotec.gov.pt\/\" target=\"_blank\">http:\/\/www.neotec.gov.pt\/<\/a><\/p>\n<p align=\"justify\">INPI &#8211; Instituto Nacional da Propriedade Industrial<br \/>\n<a href=\"http:\/\/www.inpi.pt\/\" target=\"_blank\">http:\/\/www.inpi.pt\/<\/a><\/p>\n<p align=\"justify\">Instituto para o Fomento e Desenvolvimento do Empreendedorismo em Portugal<br \/>\n<a href=\"http:\/\/www.ifdep.pt\/\" target=\"_blank\">http:\/\/www.ifdep.pt\/<\/a><\/p>\n<p align=\"justify\">PRIME &#8211; Programa de Incentivos \u00e0 Moderniza\u00e7\u00e3o da Economia<br \/>\n<a href=\"http:\/\/www.prime.min-economia.pt\/\" target=\"_blank\">http:\/\/www.prime.min-economia.pt\/<\/a><\/p>\n<p align=\"justify\">Programa Operacional Sociedade do Conhecimento<br \/>\n<a href=\"http:\/\/www.posi.pcm.gov.pt\/\" target=\"_blank\">http:\/\/www.posi.pcm.gov.pt\/<\/a><\/p>\n<\/td>\n<\/tr>\n<\/tbody>\n<\/table>\n","protected":false},"excerpt":{"rendered":"<p>PARQUES DE CI\u00caNCIA &amp; TECNOLOGIA e ASSOCIA\u00c7\u00d5ES BioCant http:\/\/www.biocant.pt\/ IASP &#8211; International Association of Science Parks http:\/\/www.iasp.ws\/ iPARQUE &#8211; Coimbra http:\/\/www.coimbraiparque.pt\/ IEFP\u00a0&#8211; Ninho de Empresas http:\/\/www.iefp.pt\/apoios\/candidatos\/CriacaoEmpregoEmpresa\/Paginas\/NinhoEmpresas.aspx IPN &#8211; Instituto Pedro Nunes http:\/\/www.ipn.pt\/ Taguspark &#8211; Parque de C&amp;T http:\/\/www.taguspark.pt\/ TagusValley &#8211; Parque de C&amp;T do Vale do Tejo http:\/\/www.tagusvalley.pt\/ TecMaia &#8211; Parque de Ci\u00eancia e Tecnologia [&hellip;]<\/p>\n","protected":false},"author":1,"featured_media":0,"parent":0,"menu_order":0,"comment_status":"closed","ping_status":"open","template":"","meta":{"footnotes":""},"class_list":["post-1215","page","type-page","status-publish","hentry"],"_links":{"self":[{"href":"https:\/\/www.ticmais.pt\/index.php?rest_route=\/wp\/v2\/pages\/1215","targetHints":{"allow":["GET"]}}],"collection":[{"href":"https:\/\/www.ticmais.pt\/index.php?rest_route=\/wp\/v2\/pages"}],"about":[{"href":"https:\/\/www.ticmais.pt\/index.php?rest_route=\/wp\/v2\/types\/page"}],"author":[{"embeddable":true,"href":"https:\/\/www.ticmais.pt\/index.php?rest_route=\/wp\/v2\/users\/1"}],"replies":[{"embeddable":true,"href":"https:\/\/www.ticmais.pt\/index.php?rest_route=%2Fwp%2Fv2%2Fcomments&post=1215"}],"version-history":[{"count":0,"href":"https:\/\/www.ticmais.pt\/index.php?rest_route=\/wp\/v2\/pages\/1215\/revisions"}],"wp:attachment":[{"href":"https:\/\/www.ticmais.pt\/index.php?rest_route=%2Fwp%2Fv2%2Fmedia&parent=1215"}],"curies":[{"name":"wp","href":"https:\/\/api.w.org\/{rel}","templated":true}]}}