{"id":2312,"date":"2010-01-17T17:11:39","date_gmt":"2010-01-17T16:11:39","guid":{"rendered":"http:\/\/www.ticmais.pt\/?page_id=2312"},"modified":"2010-01-17T17:11:39","modified_gmt":"2010-01-17T16:11:39","slug":"energias-renovaveis","status":"publish","type":"page","link":"https:\/\/www.ticmais.pt\/?page_id=2312","title":{"rendered":"Energias Renov\u00e1veis"},"content":{"rendered":"<p><br class=\"spacer_\" \/><\/p>\n<table style=\"width: 100%;\" border=\"0\" cellspacing=\"5\" cellpadding=\"5\" align=\"justify\">\n<tbody>\n<tr>\n<td valign=\"top\">\n<p><a href=\"http:\/\/www.energiasrenovaveis.com\/canalLinks.asp?ID_area=25\" target=\"_blank\">Ag\u00eancias de energia<\/a><\/p>\n<p><a href=\"http:\/\/www.energiasrenovaveis.com\/canalLinks.asp?ID_area=26\" target=\"_blank\">Ambiente<\/a><\/p>\n<p><a href=\"http:\/\/www.energiasrenovaveis.com\/canalLinksDirectorio.asp?ID_area=27\" target=\"_blank\">Empresas<\/a><\/p>\n<p><a href=\"http:\/\/www.energiasrenovaveis.com\/canalLinks.asp?ID_area=28\" target=\"_blank\">Institui\u00e7\u00f5es<\/a><\/p>\n<p><a href=\"http:\/\/www.energiasrenovaveis.com\/canalLinks.asp?ID_area=30\" target=\"_blank\">Links Verdes<\/a><\/p>\n<p><a href=\"http:\/\/www.energiasrenovaveis.com\/canalLinks.asp?ID_area=31\" target=\"_blank\">Motores\/Ve\u00edculos<\/a><\/p>\n<p><a href=\"http:\/\/www.energiasrenovaveis.com\/canalLinks.asp?ID_area=32\" target=\"_blank\">Publica\u00e7\u00f5es<\/a><\/p>\n<p><a href=\"http:\/\/www.energiasrenovaveis.com\/canalLinks.asp?ID_area=56\" target=\"_blank\">Blogs\u00a0<\/a><\/p>\n<\/td>\n<\/tr>\n<\/tbody>\n<\/table>\n","protected":false},"excerpt":{"rendered":"<p>Ag\u00eancias de energia Ambiente Empresas Institui\u00e7\u00f5es Links Verdes Motores\/Ve\u00edculos Publica\u00e7\u00f5es Blogs\u00a0<\/p>\n","protected":false},"author":1,"featured_media":0,"parent":0,"menu_order":0,"comment_status":"closed","ping_status":"closed","template":"","meta":{"footnotes":""},"class_list":["post-2312","page","type-page","status-publish","hentry"],"_links":{"self":[{"href":"https:\/\/www.ticmais.pt\/index.php?rest_route=\/wp\/v2\/pages\/2312","targetHints":{"allow":["GET"]}}],"collection":[{"href":"https:\/\/www.ticmais.pt\/index.php?rest_route=\/wp\/v2\/pages"}],"about":[{"href":"https:\/\/www.ticmais.pt\/index.php?rest_route=\/wp\/v2\/types\/page"}],"author":[{"embeddable":true,"href":"https:\/\/www.ticmais.pt\/index.php?rest_route=\/wp\/v2\/users\/1"}],"replies":[{"embeddable":true,"href":"https:\/\/www.ticmais.pt\/index.php?rest_route=%2Fwp%2Fv2%2Fcomments&post=2312"}],"version-history":[{"count":0,"href":"https:\/\/www.ticmais.pt\/index.php?rest_route=\/wp\/v2\/pages\/2312\/revisions"}],"wp:attachment":[{"href":"https:\/\/www.ticmais.pt\/index.php?rest_route=%2Fwp%2Fv2%2Fmedia&parent=2312"}],"curies":[{"name":"wp","href":"https:\/\/api.w.org\/{rel}","templated":true}]}}